{"id":2481,"date":"2016-04-27T18:33:36","date_gmt":"2016-04-27T18:33:36","guid":{"rendered":"http:\/\/www.groupedamco.com\/homepage\/?lang=fr"},"modified":"2017-11-17T20:08:06","modified_gmt":"2017-11-17T19:08:06","slug":"homepage","status":"publish","type":"page","link":"https:\/\/www.groupedamco.com\/fr\/","title":{"rendered":"Accueil"},"content":{"rendered":"<div class=\"wpb-content-wrapper\"><p>[vc_row full_width=\u00a0\u00bbstretch_row\u00a0\u00bb el_id=\u00a0\u00bbintro\u00a0\u00bb css=\u00a0\u00bb.vc_custom_1493663072299{padding-top: 50px !important;padding-bottom: 50px !important;}\u00a0\u00bb][vc_column width=\u00a0\u00bb5\/6&Prime; offset=\u00a0\u00bbvc_col-lg-offset-2 vc_col-lg-8 vc_col-md-offset-1 vc_col-md-10 vc_col-sm-offset-1 vc_col-xs-12&Prime;][vc_raw_js]JTNDc2NyaXB0JTIwdHlwZSUzRCUyMnRleHQlMkZqYXZhc2NyaXB0JTIyJTNFJTIwdmFyJTIwcGFnZSUyMCUzRCUyMCUyN0FjY3VlaWwlMjclM0IlMjAlM0MlMkZzY3JpcHQlM0U=[\/vc_raw_js]\t\t<div\r\n\t\t\tclass=\"houzez-module module-title section-title-module text-center \">\r\n\t\t\t<h2>Groupe Damco<\/h2>\r\n\r\n\t\t\t<h3 class=\"sub-heading\"><\/h3>\r\n\t\t<\/div>\r\n\t\t[vc_column_text]<\/p>\n<p style=\"text-align: center;\">Le groupe Damco se sp\u00e9cialise dans l\u2019immobilier et se fixe l\u2019objectif de vous trouver l\u2019espace commercial qui convient le mieux \u00e0 votre industrie, \u00e0 votre compagnie ou \u00e0 votre entreprise, tout en ayant tous les atouts pour vous d\u00e9nicher la maison de vos go\u00fbts si tel est votre besoin. Nous sommes l\u2019option id\u00e9ale dans votre recherche immobili\u00e8re en mati\u00e8re d\u2019unit\u00e9s commerciales et r\u00e9sidentielles.<\/p>\n<p>[\/vc_column_text][vc_btn title=\u00a0\u00bbQui sommes-nous?\u00a0\u00bb style=\u00a0\u00bbflat\u00a0\u00bb shape=\u00a0\u00bbsquare\u00a0\u00bb color=\u00a0\u00bbwhite\u00a0\u00bb size=\u00a0\u00bblg\u00a0\u00bb align=\u00a0\u00bbcenter\u00a0\u00bb link=\u00a0\u00bburl:http%3A%2F%2Fwww.groupedamco.com%2Ffr%2Fabout-us%2F|||\u00a0\u00bb][\/vc_column][\/vc_row][vc_row full_width=\u00a0\u00bbstretch_row_content_no_spaces\u00a0\u00bb equal_height=\u00a0\u00bbyes\u00a0\u00bb parallax=\u00a0\u00bbcontent-moving\u00a0\u00bb css=\u00a0\u00bb.vc_custom_1493664091005{margin-top: 0px !important;margin-bottom: 0px !important;border-top-width: 0px !important;border-bottom-width: 0px !important;padding-top: 0px !important;padding-bottom: 0px !important;}\u00a0\u00bb el_id=\u00a0\u00bbtype-proprietes\u00a0\u00bb][vc_column css=\u00a0\u00bb.vc_custom_1492805300483{margin-top: 0px !important;margin-bottom: 0px !important;border-top-width: 0px !important;border-bottom-width: 0px !important;padding-top: 0px !important;padding-bottom: 0px !important;}\u00a0\u00bb]\t\t<div id=\"location-module\"\n\t\t\t class=\"houzez-module location-module location-module-v2 grid grid_v2\">\n\t\t\t<div class=\"row\">\n\t\t\t\t\t\t\t\t\t<div class=\"col-sm-6\">\n\t\t\t\t\t\t<div class=\"location-block\" style=\"background-image: url(http:\/\/www.groupedamco.com\/wp-content\/uploads\/2017\/06\/thumbnail-commercial-1024x682.jpg);\">\n\t\t\t\t\t\t\t<a href=\"https:\/\/www.groupedamco.com\/fr\/property-type\/commercial-fr\/\">\n\t\t\t\t\t\t\t\t<div class=\"location-fig-caption\">\n\t\t\t\t\t\t\t\t\t<h3 class=\"heading\">Commercial<\/h3>\n\t\t\t\t\t\t\t\t\t<p><\/p>\n\n\t\t\t\t\t\t\t\t\t<!--p class=\"sub-heading\">\n\t\t\t\t\t\t\t\t\t\t8\t\t\t\t\t\t\t\t\t\tPropri\u00e9t\u00e9s\t\t\t\t\t\t\t\t\t<\/p-->\n\t\t\t\t\t\t\t\t<\/div>\n\t\t\t\t\t\t\t<\/a>\n\t\t\t\t\t\t<\/div>\n\t\t\t\t\t<\/div>\n\t\t\t\t\t\t\t\t\t\t<div class=\"col-sm-6\">\n\t\t\t\t\t\t<div class=\"location-block\" style=\"background-image: url(http:\/\/www.groupedamco.com\/wp-content\/uploads\/2017\/06\/thumbnail-residential-1024x576.jpg);\">\n\t\t\t\t\t\t\t<a href=\"https:\/\/www.groupedamco.com\/fr\/property-type\/residentiel\/\">\n\t\t\t\t\t\t\t\t<div class=\"location-fig-caption\">\n\t\t\t\t\t\t\t\t\t<h3 class=\"heading\">R\u00e9sidentiel<\/h3>\n\t\t\t\t\t\t\t\t\t<p><\/p>\n\n\t\t\t\t\t\t\t\t\t<!--p class=\"sub-heading\">\n\t\t\t\t\t\t\t\t\t\t7\t\t\t\t\t\t\t\t\t\tPropri\u00e9t\u00e9s\t\t\t\t\t\t\t\t\t<\/p-->\n\t\t\t\t\t\t\t\t<\/div>\n\t\t\t\t\t\t\t<\/a>\n\t\t\t\t\t\t<\/div>\n\t\t\t\t\t<\/div>\n\t\t\t\t\t\t\t\t<\/div>\n\t\t<\/div>\n\t\t[\/vc_column][\/vc_row][vc_row full_width=\u00a0\u00bbstretch_row_content_no_spaces\u00a0\u00bb equal_height=\u00a0\u00bbyes\u00a0\u00bb content_placement=\u00a0\u00bbbottom\u00a0\u00bb parallax=\u00a0\u00bbcontent-moving\u00a0\u00bb css=\u00a0\u00bb.vc_custom_1497877498184{margin-top: 0px !important;margin-bottom: 0px !important;border-top-width: 0px !important;border-bottom-width: 0px !important;padding-top: 0px !important;padding-bottom: 0px !important;background-position: center;background-repeat: no-repeat !important;background-size: cover !important;}\u00a0\u00bb el_id=\u00a0\u00bbcustomLogoDamco\u00a0\u00bb][vc_column css=\u00a0\u00bb.vc_custom_1497877526944{margin-top: 0px !important;margin-bottom: 0px !important;border-top-width: 0px !important;border-bottom-width: 0px !important;padding-top: 0px !important;padding-bottom: 0px !important;background-image: url(http:\/\/www.groupedamco.com\/wp-content\/uploads\/2016\/04\/femme-daffaire.jpg?id=2750) !important;background-position: center !important;background-repeat: no-repeat !important;background-size: cover !important;}\u00a0\u00bb]<div style=\"clear:both; width:100%; height:500px\"><\/div>[vc_single_image image=\u00a0\u00bb2752&Prime; img_size=\u00a0\u00bbfull\u00a0\u00bb][\/vc_column][\/vc_row][vc_row full_width=\u00a0\u00bbstretch_row_content_no_spaces\u00a0\u00bb css=\u00a0\u00bb.vc_custom_1494430326006{padding-top: 50px !important;padding-bottom: 50px !important;}\u00a0\u00bb el_id=\u00a0\u00bbfeatured-proprietes\u00a0\u00bb][vc_column]<div style=\"clear:both; width:100%; height:60px\"><\/div>\t\t<div\r\n\t\t\tclass=\"houzez-module module-title section-title-module text-center \">\r\n\t\t\t<h2>Propri\u00e9t\u00e9s<\/h2>\r\n\r\n\t\t\t<h3 class=\"sub-heading\"><\/h3>\r\n\t\t<\/div>\r\n\t\t\n\t\t<div id=\"carousel-module-4\"\n\t\t\t class=\"houzez-module carousel-thumbs-grid caption-above carousel-module\">\n\t\t\t<!-- <div class=\"container\"> -->\n\n\t\t\t\t<div class=\"module-title-nav clearfix\">\n\t\t\t\t\t<div>\n\t\t\t\t\t\t<h2><\/h2>\n\t\t\t\t\t<\/div>\n\t\t\t\t\t<div class=\"module-nav\">\n\t\t\t\t\t\t\t\t\t\t\t\t\t\t\t\t\t<\/div>\n\t\t\t\t<\/div>\n\t\t\t\t<!--<div class=\"grid-row\">-->\n\t\t\t\t\t<div id=\"properties-carousel-v1-KnRzi\"\n\t\t\t\t\t\t\t data-token=\"KnRzi\" class=\"carousel carousel-column-3 slide-animated owl-carousel owl-theme\">\n\t\t\t\t\t\t\t\t\t\t\t\t\t\t\t<div class=\"item\">\n\t\t\t\t\t\t\t\t\t<div class=\"figure-block\">\n\t\t\t\t\t\t\t\t\t\t<figure class=\"item-thumb\">\n\n\t\t\t\t\t\t\t\t\t\t\t\n\t\t\t\t\t\t\t\t\t\t\t<!--a href=\"https:\/\/www.groupedamco.com\/fr\/property\/louis-boheme__trashed-2\/\"-->\n\t\t\t\t\t\t\t\t\t\t\t\t<img loading=\"lazy\" decoding=\"async\" width=\"570\" height=\"340\" src=\"https:\/\/www.groupedamco.com\/wp-content\/uploads\/2021\/02\/Lboheme-570x340.jpg\" class=\"attachment-houzez-image570_340 size-houzez-image570_340 wp-post-image\" alt=\"\" \/>\t\t\t\t\t\t\t\t\t\t\t<!--\/a-->\n\t\t\t\t\t\t\t\t\t\t\t\t\t\t\t\t\t\t\t\t\t\t<figcaption class=\"thumb-caption\">\n\t\t\t\t\t\t\t\t\t\t\t\t<div class=\"cap-price pull-left\"><span class=\"item-price item-price-text\"><\/span><\/div>\n\t\t\t\t\t\t\t\t\t\t\t\t\t\t\t\t\t\t\t\t\t\t\t<\/figcaption>\n\t\t\t\t\t\t\t\t\t\t\t<a href=\"https:\/\/www.groupedamco.com\/fr\/property\/louis-boheme__trashed-2\/\" class=\"hover-damco-featured\"><figcaption class=\"detail-above detail\">\n\t\t\t\t\t\t\t\t\t\t\t\t<div class=\"fig-title clearfix\">\n\t\t\t\t\t\t\t\t\t\t\t\t\t<!--h3 class=\"pull-left\">Louis Boh\u00e8me<\/h3-->\n\t\t\t\t\t\t\t\t\t\t\t\t\t<h3>Louis Boh\u00e8me<\/h3>\n\t\t\t\t\t\t\t\t\t\t\t\t<\/div>\n\n\t\t\t\t\t\t\t\t\t\t\t\t<!--ul class=\"list-inline\">\n\t\t\t\t\t\t\t\t\t\t\t\t\t<li class=\"cap-price\"><span class=\"item-price item-price-text\"><\/span><\/li>\n\t\t\t\t\t\t\t\t\t\t\t\t\t<li>15356 sq.ft.<\/li>\t\t\t\t\t\t\t\t\t\t\t\t<\/ul-->\n\t\t\t\t\t\t\t\t\t\t\t<\/figcaption><\/a>\n\t\t\t\t\t\t\t\t\t\t<\/figure>\n\t\t\t\t\t\t\t\t\t\t<div class=\"detail-bottom detail\">\n\t\t\t\t\t\t\t\t\t\t\t<h3>Louis Boh\u00e8me<\/h3>\n\t\t\t\t\t\t\t\t\t\t\t<ul class=\"list-inline\">\n\t\t\t\t\t\t\t\t\t\t\t\t<li>15356 sq.ft.<\/li>\t\t\t\t\t\t\t\t\t\t\t<\/ul>\n\t\t\t\t\t\t\t\t\t\t<\/div>\n\t\t\t\t\t\t\t\t\t<\/div>\n\t\t\t\t\t\t\t\t<\/div>\n\t\t\t\t\t\t\t\t\t\t\t\t\t\t\t<div class=\"item\">\n\t\t\t\t\t\t\t\t\t<div class=\"figure-block\">\n\t\t\t\t\t\t\t\t\t\t<figure class=\"item-thumb\">\n\n\t\t\t\t\t\t\t\t\t\t\t\n\t\t\t\t\t\t\t\t\t\t\t<!--a href=\"https:\/\/www.groupedamco.com\/fr\/property\/restaurant-3-amigos\/\"-->\n\t\t\t\t\t\t\t\t\t\t\t\t<img loading=\"lazy\" decoding=\"async\" width=\"570\" height=\"340\" src=\"https:\/\/www.groupedamco.com\/wp-content\/uploads\/2021\/02\/3amigos-570x340.jpg\" class=\"attachment-houzez-image570_340 size-houzez-image570_340 wp-post-image\" alt=\"\" \/>\t\t\t\t\t\t\t\t\t\t\t<!--\/a-->\n\t\t\t\t\t\t\t\t\t\t\t\t\t\t\t\t\t\t\t\t\t\t<figcaption class=\"thumb-caption\">\n\t\t\t\t\t\t\t\t\t\t\t\t<div class=\"cap-price pull-left\"><span class=\"item-price item-price-text\"><\/span><\/div>\n\t\t\t\t\t\t\t\t\t\t\t\t\t\t\t\t\t\t\t\t\t\t\t<\/figcaption>\n\t\t\t\t\t\t\t\t\t\t\t<a href=\"https:\/\/www.groupedamco.com\/fr\/property\/restaurant-3-amigos\/\" class=\"hover-damco-featured\"><figcaption class=\"detail-above detail\">\n\t\t\t\t\t\t\t\t\t\t\t\t<div class=\"fig-title clearfix\">\n\t\t\t\t\t\t\t\t\t\t\t\t\t<!--h3 class=\"pull-left\">Restaurant Les 3 amigos<\/h3-->\n\t\t\t\t\t\t\t\t\t\t\t\t\t<h3>Restaurant Les 3 amigos<\/h3>\n\t\t\t\t\t\t\t\t\t\t\t\t<\/div>\n\n\t\t\t\t\t\t\t\t\t\t\t\t<!--ul class=\"list-inline\">\n\t\t\t\t\t\t\t\t\t\t\t\t\t<li class=\"cap-price\"><span class=\"item-price item-price-text\"><\/span><\/li>\n\t\t\t\t\t\t\t\t\t\t\t\t\t<li>14000 sq.ft.<\/li>\t\t\t\t\t\t\t\t\t\t\t\t<\/ul-->\n\t\t\t\t\t\t\t\t\t\t\t<\/figcaption><\/a>\n\t\t\t\t\t\t\t\t\t\t<\/figure>\n\t\t\t\t\t\t\t\t\t\t<div class=\"detail-bottom detail\">\n\t\t\t\t\t\t\t\t\t\t\t<h3>Restaurant Les 3 amigos<\/h3>\n\t\t\t\t\t\t\t\t\t\t\t<ul class=\"list-inline\">\n\t\t\t\t\t\t\t\t\t\t\t\t<li>14000 sq.ft.<\/li>\t\t\t\t\t\t\t\t\t\t\t<\/ul>\n\t\t\t\t\t\t\t\t\t\t<\/div>\n\t\t\t\t\t\t\t\t\t<\/div>\n\t\t\t\t\t\t\t\t<\/div>\n\t\t\t\t\t\t\t\t\t\t\t\t\t\t\t<div class=\"item\">\n\t\t\t\t\t\t\t\t\t<div class=\"figure-block\">\n\t\t\t\t\t\t\t\t\t\t<figure class=\"item-thumb\">\n\n\t\t\t\t\t\t\t\t\t\t\t\n\t\t\t\t\t\t\t\t\t\t\t<!--a href=\"https:\/\/www.groupedamco.com\/fr\/property\/centre-deux-montagnes\/\"-->\n\t\t\t\t\t\t\t\t\t\t\t\t<img loading=\"lazy\" decoding=\"async\" width=\"570\" height=\"340\" src=\"https:\/\/www.groupedamco.com\/wp-content\/uploads\/2017\/08\/deux_montagnes4-570x340.jpg\" class=\"attachment-houzez-image570_340 size-houzez-image570_340 wp-post-image\" alt=\"\" \/>\t\t\t\t\t\t\t\t\t\t\t<!--\/a-->\n\t\t\t\t\t\t\t\t\t\t\t\t\t\t\t\t\t\t\t\t\t\t<figcaption class=\"thumb-caption\">\n\t\t\t\t\t\t\t\t\t\t\t\t<div class=\"cap-price pull-left\"><span class=\"item-price item-price-text\"><\/span><\/div>\n\t\t\t\t\t\t\t\t\t\t\t\t\t\t\t\t\t\t\t\t\t\t\t<\/figcaption>\n\t\t\t\t\t\t\t\t\t\t\t<a href=\"https:\/\/www.groupedamco.com\/fr\/property\/centre-deux-montagnes\/\" class=\"hover-damco-featured\"><figcaption class=\"detail-above detail\">\n\t\t\t\t\t\t\t\t\t\t\t\t<div class=\"fig-title clearfix\">\n\t\t\t\t\t\t\t\t\t\t\t\t\t<!--h3 class=\"pull-left\">Centre Deux-Montagnes<\/h3-->\n\t\t\t\t\t\t\t\t\t\t\t\t\t<h3>Centre Deux-Montagnes<\/h3>\n\t\t\t\t\t\t\t\t\t\t\t\t<\/div>\n\n\t\t\t\t\t\t\t\t\t\t\t\t<!--ul class=\"list-inline\">\n\t\t\t\t\t\t\t\t\t\t\t\t\t<li class=\"cap-price\"><span class=\"item-price item-price-text\"><\/span><\/li>\n\t\t\t\t\t\t\t\t\t\t\t\t\t<li>42480 sq.ft.<\/li>\t\t\t\t\t\t\t\t\t\t\t\t<\/ul-->\n\t\t\t\t\t\t\t\t\t\t\t<\/figcaption><\/a>\n\t\t\t\t\t\t\t\t\t\t<\/figure>\n\t\t\t\t\t\t\t\t\t\t<div class=\"detail-bottom detail\">\n\t\t\t\t\t\t\t\t\t\t\t<h3>Centre Deux-Montagnes<\/h3>\n\t\t\t\t\t\t\t\t\t\t\t<ul class=\"list-inline\">\n\t\t\t\t\t\t\t\t\t\t\t\t<li>42480 sq.ft.<\/li>\t\t\t\t\t\t\t\t\t\t\t<\/ul>\n\t\t\t\t\t\t\t\t\t\t<\/div>\n\t\t\t\t\t\t\t\t\t<\/div>\n\t\t\t\t\t\t\t\t<\/div>\n\t\t\t\t\t\t\t\t\t\t\t\t\t\t\t<div class=\"item\">\n\t\t\t\t\t\t\t\t\t<div class=\"figure-block\">\n\t\t\t\t\t\t\t\t\t\t<figure class=\"item-thumb\">\n\n\t\t\t\t\t\t\t\t\t\t\t\n\t\t\t\t\t\t\t\t\t\t\t<!--a href=\"https:\/\/www.groupedamco.com\/fr\/property\/place-damco\/\"-->\n\t\t\t\t\t\t\t\t\t\t\t\t<img loading=\"lazy\" decoding=\"async\" width=\"570\" height=\"340\" src=\"https:\/\/www.groupedamco.com\/wp-content\/uploads\/2017\/08\/7109-041-570x340.jpg\" class=\"attachment-houzez-image570_340 size-houzez-image570_340 wp-post-image\" alt=\"\" \/>\t\t\t\t\t\t\t\t\t\t\t<!--\/a-->\n\t\t\t\t\t\t\t\t\t\t\t\t\t\t\t\t\t\t\t\t\t\t<figcaption class=\"thumb-caption\">\n\t\t\t\t\t\t\t\t\t\t\t\t<div class=\"cap-price pull-left\"><span class=\"item-price item-price-text\"><\/span><\/div>\n\t\t\t\t\t\t\t\t\t\t\t\t\t\t\t\t\t\t\t\t\t\t\t<\/figcaption>\n\t\t\t\t\t\t\t\t\t\t\t<a href=\"https:\/\/www.groupedamco.com\/fr\/property\/place-damco\/\" class=\"hover-damco-featured\"><figcaption class=\"detail-above detail\">\n\t\t\t\t\t\t\t\t\t\t\t\t<div class=\"fig-title clearfix\">\n\t\t\t\t\t\t\t\t\t\t\t\t\t<!--h3 class=\"pull-left\">Place Damco<\/h3-->\n\t\t\t\t\t\t\t\t\t\t\t\t\t<h3>Place Damco<\/h3>\n\t\t\t\t\t\t\t\t\t\t\t\t<\/div>\n\n\t\t\t\t\t\t\t\t\t\t\t\t<!--ul class=\"list-inline\">\n\t\t\t\t\t\t\t\t\t\t\t\t\t<li class=\"cap-price\"><span class=\"item-price item-price-text\"><\/span><\/li>\n\t\t\t\t\t\t\t\t\t\t\t\t\t<li>50720 sq.ft.<\/li>\t\t\t\t\t\t\t\t\t\t\t\t<\/ul-->\n\t\t\t\t\t\t\t\t\t\t\t<\/figcaption><\/a>\n\t\t\t\t\t\t\t\t\t\t<\/figure>\n\t\t\t\t\t\t\t\t\t\t<div class=\"detail-bottom detail\">\n\t\t\t\t\t\t\t\t\t\t\t<h3>Place Damco<\/h3>\n\t\t\t\t\t\t\t\t\t\t\t<ul class=\"list-inline\">\n\t\t\t\t\t\t\t\t\t\t\t\t<li>50720 sq.ft.<\/li>\t\t\t\t\t\t\t\t\t\t\t<\/ul>\n\t\t\t\t\t\t\t\t\t\t<\/div>\n\t\t\t\t\t\t\t\t\t<\/div>\n\t\t\t\t\t\t\t\t<\/div>\n\t\t\t\t\t\t\t\t\t\t\t\t\t\t\t<div class=\"item\">\n\t\t\t\t\t\t\t\t\t<div class=\"figure-block\">\n\t\t\t\t\t\t\t\t\t\t<figure class=\"item-thumb\">\n\n\t\t\t\t\t\t\t\t\t\t\t\n\t\t\t\t\t\t\t\t\t\t\t<!--a href=\"https:\/\/www.groupedamco.com\/fr\/property\/nh\/\"-->\n\t\t\t\t\t\t\t\t\t\t\t\t<img loading=\"lazy\" decoding=\"async\" width=\"570\" height=\"340\" src=\"https:\/\/www.groupedamco.com\/wp-content\/uploads\/2017\/08\/nh-570x340.jpg\" class=\"attachment-houzez-image570_340 size-houzez-image570_340 wp-post-image\" alt=\"\" \/>\t\t\t\t\t\t\t\t\t\t\t<!--\/a-->\n\t\t\t\t\t\t\t\t\t\t\t\t\t\t\t\t\t\t\t\t\t\t<figcaption class=\"thumb-caption\">\n\t\t\t\t\t\t\t\t\t\t\t\t<div class=\"cap-price pull-left\"><span class=\"item-price item-price-text\"><\/span><\/div>\n\t\t\t\t\t\t\t\t\t\t\t\t\t\t\t\t\t\t\t\t\t\t\t<\/figcaption>\n\t\t\t\t\t\t\t\t\t\t\t<a href=\"https:\/\/www.groupedamco.com\/fr\/property\/nh\/\" class=\"hover-damco-featured\"><figcaption class=\"detail-above detail\">\n\t\t\t\t\t\t\t\t\t\t\t\t<div class=\"fig-title clearfix\">\n\t\t\t\t\t\t\t\t\t\t\t\t\t<!--h3 class=\"pull-left\">NH<\/h3-->\n\t\t\t\t\t\t\t\t\t\t\t\t\t<h3>NH<\/h3>\n\t\t\t\t\t\t\t\t\t\t\t\t<\/div>\n\n\t\t\t\t\t\t\t\t\t\t\t\t<!--ul class=\"list-inline\">\n\t\t\t\t\t\t\t\t\t\t\t\t\t<li class=\"cap-price\"><span class=\"item-price item-price-text\"><\/span><\/li>\n\t\t\t\t\t\t\t\t\t\t\t\t\t<li>26156 sq.ft.<\/li>\t\t\t\t\t\t\t\t\t\t\t\t<\/ul-->\n\t\t\t\t\t\t\t\t\t\t\t<\/figcaption><\/a>\n\t\t\t\t\t\t\t\t\t\t<\/figure>\n\t\t\t\t\t\t\t\t\t\t<div class=\"detail-bottom detail\">\n\t\t\t\t\t\t\t\t\t\t\t<h3>NH<\/h3>\n\t\t\t\t\t\t\t\t\t\t\t<ul class=\"list-inline\">\n\t\t\t\t\t\t\t\t\t\t\t\t<li>26156 sq.ft.<\/li>\t\t\t\t\t\t\t\t\t\t\t<\/ul>\n\t\t\t\t\t\t\t\t\t\t<\/div>\n\t\t\t\t\t\t\t\t\t<\/div>\n\t\t\t\t\t\t\t\t<\/div>\n\t\t\t\t\t\t\t\t\t\t\t\t\t\t\t<div class=\"item\">\n\t\t\t\t\t\t\t\t\t<div class=\"figure-block\">\n\t\t\t\t\t\t\t\t\t\t<figure class=\"item-thumb\">\n\n\t\t\t\t\t\t\t\t\t\t\t\n\t\t\t\t\t\t\t\t\t\t\t<!--a href=\"https:\/\/www.groupedamco.com\/fr\/property\/705-cure-labelle\/\"-->\n\t\t\t\t\t\t\t\t\t\t\t\t<img loading=\"lazy\" decoding=\"async\" width=\"570\" height=\"340\" src=\"https:\/\/www.groupedamco.com\/wp-content\/uploads\/2017\/08\/cure_labelle1-570x340.jpg\" class=\"attachment-houzez-image570_340 size-houzez-image570_340 wp-post-image\" alt=\"\" \/>\t\t\t\t\t\t\t\t\t\t\t<!--\/a-->\n\t\t\t\t\t\t\t\t\t\t\t\t\t\t\t\t\t\t\t\t\t\t<figcaption class=\"thumb-caption\">\n\t\t\t\t\t\t\t\t\t\t\t\t<div class=\"cap-price pull-left\"><span class=\"item-price item-price-text\"><\/span><\/div>\n\t\t\t\t\t\t\t\t\t\t\t\t\t\t\t\t\t\t\t\t\t\t\t<\/figcaption>\n\t\t\t\t\t\t\t\t\t\t\t<a href=\"https:\/\/www.groupedamco.com\/fr\/property\/705-cure-labelle\/\" class=\"hover-damco-featured\"><figcaption class=\"detail-above detail\">\n\t\t\t\t\t\t\t\t\t\t\t\t<div class=\"fig-title clearfix\">\n\t\t\t\t\t\t\t\t\t\t\t\t\t<!--h3 class=\"pull-left\">705 Cur\u00e9-Labelle<\/h3-->\n\t\t\t\t\t\t\t\t\t\t\t\t\t<h3>705 Cur\u00e9-Labelle<\/h3>\n\t\t\t\t\t\t\t\t\t\t\t\t<\/div>\n\n\t\t\t\t\t\t\t\t\t\t\t\t<!--ul class=\"list-inline\">\n\t\t\t\t\t\t\t\t\t\t\t\t\t<li class=\"cap-price\"><span class=\"item-price item-price-text\"><\/span><\/li>\n\t\t\t\t\t\t\t\t\t\t\t\t\t<li>18500 sq.ft.<\/li>\t\t\t\t\t\t\t\t\t\t\t\t<\/ul-->\n\t\t\t\t\t\t\t\t\t\t\t<\/figcaption><\/a>\n\t\t\t\t\t\t\t\t\t\t<\/figure>\n\t\t\t\t\t\t\t\t\t\t<div class=\"detail-bottom detail\">\n\t\t\t\t\t\t\t\t\t\t\t<h3>705 Cur\u00e9-Labelle<\/h3>\n\t\t\t\t\t\t\t\t\t\t\t<ul class=\"list-inline\">\n\t\t\t\t\t\t\t\t\t\t\t\t<li>18500 sq.ft.<\/li>\t\t\t\t\t\t\t\t\t\t\t<\/ul>\n\t\t\t\t\t\t\t\t\t\t<\/div>\n\t\t\t\t\t\t\t\t\t<\/div>\n\t\t\t\t\t\t\t\t<\/div>\n\t\t\t\t\t\t\t\t\t\t\t\t\t\t\t<div class=\"item\">\n\t\t\t\t\t\t\t\t\t<div class=\"figure-block\">\n\t\t\t\t\t\t\t\t\t\t<figure class=\"item-thumb\">\n\n\t\t\t\t\t\t\t\t\t\t\t\n\t\t\t\t\t\t\t\t\t\t\t<!--a href=\"https:\/\/www.groupedamco.com\/fr\/property\/groupe-phoenicia-inc\/\"-->\n\t\t\t\t\t\t\t\t\t\t\t\t<img loading=\"lazy\" decoding=\"async\" width=\"570\" height=\"340\" src=\"https:\/\/www.groupedamco.com\/wp-content\/uploads\/2017\/05\/Groupe-Phoenicia-2-570x340.jpg\" class=\"attachment-houzez-image570_340 size-houzez-image570_340 wp-post-image\" alt=\"\" \/>\t\t\t\t\t\t\t\t\t\t\t<!--\/a-->\n\t\t\t\t\t\t\t\t\t\t\t\t\t\t\t\t\t\t\t\t\t\t<figcaption class=\"thumb-caption\">\n\t\t\t\t\t\t\t\t\t\t\t\t<div class=\"cap-price pull-left\"><span class=\"item-price item-price-text\"><\/span><\/div>\n\t\t\t\t\t\t\t\t\t\t\t\t\t\t\t\t\t\t\t\t\t\t\t<\/figcaption>\n\t\t\t\t\t\t\t\t\t\t\t<a href=\"https:\/\/www.groupedamco.com\/fr\/property\/groupe-phoenicia-inc\/\" class=\"hover-damco-featured\"><figcaption class=\"detail-above detail\">\n\t\t\t\t\t\t\t\t\t\t\t\t<div class=\"fig-title clearfix\">\n\t\t\t\t\t\t\t\t\t\t\t\t\t<!--h3 class=\"pull-left\">Groupe Phoenicia Inc<\/h3-->\n\t\t\t\t\t\t\t\t\t\t\t\t\t<h3>Groupe Phoenicia Inc<\/h3>\n\t\t\t\t\t\t\t\t\t\t\t\t<\/div>\n\n\t\t\t\t\t\t\t\t\t\t\t\t<!--ul class=\"list-inline\">\n\t\t\t\t\t\t\t\t\t\t\t\t\t<li class=\"cap-price\"><span class=\"item-price item-price-text\"><\/span><\/li>\n\t\t\t\t\t\t\t\t\t\t\t\t\t<li>199361 sq.ft.<\/li>\t\t\t\t\t\t\t\t\t\t\t\t<\/ul-->\n\t\t\t\t\t\t\t\t\t\t\t<\/figcaption><\/a>\n\t\t\t\t\t\t\t\t\t\t<\/figure>\n\t\t\t\t\t\t\t\t\t\t<div class=\"detail-bottom detail\">\n\t\t\t\t\t\t\t\t\t\t\t<h3>Groupe Phoenicia Inc<\/h3>\n\t\t\t\t\t\t\t\t\t\t\t<ul class=\"list-inline\">\n\t\t\t\t\t\t\t\t\t\t\t\t<li>199361 sq.ft.<\/li>\t\t\t\t\t\t\t\t\t\t\t<\/ul>\n\t\t\t\t\t\t\t\t\t\t<\/div>\n\t\t\t\t\t\t\t\t\t<\/div>\n\t\t\t\t\t\t\t\t<\/div>\n\t\t\t\t\t\t\t\t\t\t\t\t\t\t\t<div class=\"item\">\n\t\t\t\t\t\t\t\t\t<div class=\"figure-block\">\n\t\t\t\t\t\t\t\t\t\t<figure class=\"item-thumb\">\n\n\t\t\t\t\t\t\t\t\t\t\t\n\t\t\t\t\t\t\t\t\t\t\t<!--a href=\"https:\/\/www.groupedamco.com\/fr\/property\/rona\/\"-->\n\t\t\t\t\t\t\t\t\t\t\t\t<img loading=\"lazy\" decoding=\"async\" width=\"570\" height=\"340\" src=\"https:\/\/www.groupedamco.com\/wp-content\/uploads\/2017\/08\/rona1-570x340.jpg\" class=\"attachment-houzez-image570_340 size-houzez-image570_340 wp-post-image\" alt=\"\" \/>\t\t\t\t\t\t\t\t\t\t\t<!--\/a-->\n\t\t\t\t\t\t\t\t\t\t\t\t\t\t\t\t\t\t\t\t\t\t<figcaption class=\"thumb-caption\">\n\t\t\t\t\t\t\t\t\t\t\t\t<div class=\"cap-price pull-left\"><span class=\"item-price item-price-text\"><\/span><\/div>\n\t\t\t\t\t\t\t\t\t\t\t\t\t\t\t\t\t\t\t\t\t\t\t<\/figcaption>\n\t\t\t\t\t\t\t\t\t\t\t<a href=\"https:\/\/www.groupedamco.com\/fr\/property\/rona\/\" class=\"hover-damco-featured\"><figcaption class=\"detail-above detail\">\n\t\t\t\t\t\t\t\t\t\t\t\t<div class=\"fig-title clearfix\">\n\t\t\t\t\t\t\t\t\t\t\t\t\t<!--h3 class=\"pull-left\">Rona<\/h3-->\n\t\t\t\t\t\t\t\t\t\t\t\t\t<h3>Rona<\/h3>\n\t\t\t\t\t\t\t\t\t\t\t\t<\/div>\n\n\t\t\t\t\t\t\t\t\t\t\t\t<!--ul class=\"list-inline\">\n\t\t\t\t\t\t\t\t\t\t\t\t\t<li class=\"cap-price\"><span class=\"item-price item-price-text\"><\/span><\/li>\n\t\t\t\t\t\t\t\t\t\t\t\t\t<li>129529 sq.ft.<\/li>\t\t\t\t\t\t\t\t\t\t\t\t<\/ul-->\n\t\t\t\t\t\t\t\t\t\t\t<\/figcaption><\/a>\n\t\t\t\t\t\t\t\t\t\t<\/figure>\n\t\t\t\t\t\t\t\t\t\t<div class=\"detail-bottom detail\">\n\t\t\t\t\t\t\t\t\t\t\t<h3>Rona<\/h3>\n\t\t\t\t\t\t\t\t\t\t\t<ul class=\"list-inline\">\n\t\t\t\t\t\t\t\t\t\t\t\t<li>129529 sq.ft.<\/li>\t\t\t\t\t\t\t\t\t\t\t<\/ul>\n\t\t\t\t\t\t\t\t\t\t<\/div>\n\t\t\t\t\t\t\t\t\t<\/div>\n\t\t\t\t\t\t\t\t<\/div>\n\t\t\t\t\t\t\t\n\t\t\t\t\t\t<\/div>\n\t\t\t\t<!--<\/div>-->\n\t\t\t<!-- <\/div> -->\n\t\t<\/div>\n\n\t\t<div style=\"clear:both; width:100%; height:50px\"><\/div>[vc_btn title=\u00a0\u00bbD\u00e9couvrez nos espaces\u00a0\u00bb style=\u00a0\u00bbflat\u00a0\u00bb shape=\u00a0\u00bbsquare\u00a0\u00bb color=\u00a0\u00bbwhite\u00a0\u00bb align=\u00a0\u00bbcenter\u00a0\u00bb link=\u00a0\u00bburl:http%3A%2F%2Fwww.groupedamco.com%2Ffr%2Fproperties%2F|||\u00a0\u00bb]<div style=\"clear:both; width:100%; height:60px\"><\/div>[\/vc_column][\/vc_row][vc_row full_width=\u00a0\u00bbstretch_row\u00a0\u00bb el_id=\u00a0\u00bbcontact-bloc\u00a0\u00bb css=\u00a0\u00bb.vc_custom_1494593130837{padding-top: 50px !important;padding-bottom: 50px !important;background-color: #cc0033 !important;background-position: center !important;background-repeat: no-repeat !important;background-size: cover !important;}\u00a0\u00bb el_class=\u00a0\u00bbfond-rouge\u00a0\u00bb][vc_column width=\u00a0\u00bb5\/6&Prime; offset=\u00a0\u00bbvc_col-lg-offset-2 vc_col-lg-8 vc_col-md-offset-1 vc_col-md-10 vc_col-sm-offset-1 vc_col-xs-12&Prime;]\t\t<div\r\n\t\t\tclass=\"houzez-module module-title section-title-module text-center houzez-section-title-light\">\r\n\t\t\t<h2>Contactez-nous<\/h2>\r\n\r\n\t\t\t<h3 class=\"sub-heading\"><\/h3>\r\n\t\t<\/div>\r\n\t\t[vc_column_text]<\/p>\n<p style=\"text-align: center;\">Il fera plaisir \u00e0 notre \u00e9quipe de professionnels de vous aider dans vos recherches immobili\u00e8res.<\/p>\n<p>[\/vc_column_text][vc_btn title=\u00a0\u00bbComment nous contacter?\u00a0\u00bb style=\u00a0\u00bbflat\u00a0\u00bb shape=\u00a0\u00bbsquare\u00a0\u00bb color=\u00a0\u00bbwhite\u00a0\u00bb align=\u00a0\u00bbcenter\u00a0\u00bb link=\u00a0\u00bburl:http%3A%2F%2Fwww.groupedamco.com%2Ffr%2Fcontacts%2F|||\u00a0\u00bb][\/vc_column][\/vc_row]<\/p>\n<\/div>","protected":false},"excerpt":{"rendered":"<p>[vc_row full_width=\u00a0\u00bbstretch_row\u00a0\u00bb el_id=\u00a0\u00bbintro\u00a0\u00bb css=\u00a0\u00bb.vc_custom_1493663072299{padding-top: 50px !important;padding-bottom: 50px !important;}\u00a0\u00bb][vc_column width=\u00a0\u00bb5\/6&Prime; offset=\u00a0\u00bbvc_col-lg-offset-2 vc_col-lg-8 vc_col-md-offset-1 vc_col-md-10 vc_col-sm-offset-1 vc_col-xs-12&Prime;][vc_raw_js]JTNDc2NyaXB0JTIwdHlwZSUzRCUyMnRleHQlMkZqYXZhc2NyaXB0JTIyJTNFJTIwdmFyJTIwcGFnZSUyMCUzRCUyMCUyN0FjY3VlaWwlMjclM0IlMjAlM0MlMkZzY3JpcHQlM0U=[\/vc_raw_js][vc_column_text] Le groupe Damco se sp\u00e9cialise dans l\u2019immobilier et se fixe l\u2019objectif de vous trouver l\u2019espace [&hellip;]<\/p>\n","protected":false},"author":2,"featured_media":0,"parent":0,"menu_order":0,"comment_status":"closed","ping_status":"closed","template":"template\/template-homepage.php","meta":{"_acf_changed":false,"footnotes":""},"class_list":["post-2481","page","type-page","status-publish","hentry"],"acf":[],"_links":{"self":[{"href":"https:\/\/www.groupedamco.com\/fr\/wp-json\/wp\/v2\/pages\/2481","targetHints":{"allow":["GET"]}}],"collection":[{"href":"https:\/\/www.groupedamco.com\/fr\/wp-json\/wp\/v2\/pages"}],"about":[{"href":"https:\/\/www.groupedamco.com\/fr\/wp-json\/wp\/v2\/types\/page"}],"author":[{"embeddable":true,"href":"https:\/\/www.groupedamco.com\/fr\/wp-json\/wp\/v2\/users\/2"}],"replies":[{"embeddable":true,"href":"https:\/\/www.groupedamco.com\/fr\/wp-json\/wp\/v2\/comments?post=2481"}],"version-history":[{"count":15,"href":"https:\/\/www.groupedamco.com\/fr\/wp-json\/wp\/v2\/pages\/2481\/revisions"}],"predecessor-version":[{"id":2963,"href":"https:\/\/www.groupedamco.com\/fr\/wp-json\/wp\/v2\/pages\/2481\/revisions\/2963"}],"wp:attachment":[{"href":"https:\/\/www.groupedamco.com\/fr\/wp-json\/wp\/v2\/media?parent=2481"}],"curies":[{"name":"wp","href":"https:\/\/api.w.org\/{rel}","templated":true}]}}